{"id":323,"date":"2021-08-21T21:21:17","date_gmt":"2021-08-21T21:21:17","guid":{"rendered":"https:\/\/malekucr.com\/ac\/?page_id=20372"},"modified":"2024-01-16T12:36:46","modified_gmt":"2024-01-16T18:36:46","slug":"test-vocacional","status":"publish","type":"page","link":"https:\/\/malekucr.com\/ac\/admisiones\/test-vocacional\/","title":{"rendered":"Test vocacional"},"content":{"rendered":"<p>La orientaci\u00f3n vocacional es un proceso que te ayudar\u00e1 a delinear tu futuro.<\/p>\n<p>En algunos casos, aspectos como:<\/p>\n<p>1. La ausencia de experiencia laboral.<br \/>\n2. El desconocimiento de las propias habilidades y capacidades.<br \/>\n3. La falta de conocimientos sobre el mercado laboral.<br \/>\n4- El autoconcepto de la persona.<\/p>\n<p>Conducen a una orientaci\u00f3n vocacional desajustada. Ante esto, Maleku Centro Acad\u00e9mico Costa Rica, te presenta la herramienta del sitio web NABU.CR que ofrece un proceso de orientaci\u00f3n virtual. Este tiene como objetivo guiar los intereses vocacionales y ayudar al alumno a ajustar dichos intereses a la competencia laboral y a las necesidades del mercado de trabajo.<\/p>\n<p>Inicie su proceso de orientaci\u00f3n vocacional con este test.<\/p>\n<p><iframe loading=\"lazy\" src=\"https:\/\/nabu.cr\/\" width=\"100%\" height=\"700\"><\/iframe><\/p>\n","protected":false},"excerpt":{"rendered":"<p>La orientaci\u00f3n vocacional es un proceso que te ayudar\u00e1 a delinear tu futuro. En algunos casos, aspectos como: 1. La ausencia de experiencia laboral. 2. El desconocimiento de las propias habilidades y capacidades. 3. La falta de conocimientos sobre el mercado laboral. 4- El autoconcepto de la persona. Conducen a una orientaci\u00f3n vocacional desajustada. Ante &#8230; <a title=\"Test vocacional\" class=\"read-more\" href=\"https:\/\/malekucr.com\/ac\/admisiones\/test-vocacional\/\" aria-label=\"Leer m\u00e1s sobre Test vocacional\">Leer m\u00e1s<\/a><\/p>\n","protected":false},"author":1,"featured_media":0,"parent":318,"menu_order":0,"comment_status":"closed","ping_status":"closed","template":"","meta":{"footnotes":""},"class_list":["post-323","page","type-page","status-publish"],"_links":{"self":[{"href":"https:\/\/malekucr.com\/ac\/wp-json\/wp\/v2\/pages\/323","targetHints":{"allow":["GET"]}}],"collection":[{"href":"https:\/\/malekucr.com\/ac\/wp-json\/wp\/v2\/pages"}],"about":[{"href":"https:\/\/malekucr.com\/ac\/wp-json\/wp\/v2\/types\/page"}],"author":[{"embeddable":true,"href":"https:\/\/malekucr.com\/ac\/wp-json\/wp\/v2\/users\/1"}],"replies":[{"embeddable":true,"href":"https:\/\/malekucr.com\/ac\/wp-json\/wp\/v2\/comments?post=323"}],"version-history":[{"count":1,"href":"https:\/\/malekucr.com\/ac\/wp-json\/wp\/v2\/pages\/323\/revisions"}],"predecessor-version":[{"id":20053,"href":"https:\/\/malekucr.com\/ac\/wp-json\/wp\/v2\/pages\/323\/revisions\/20053"}],"up":[{"embeddable":true,"href":"https:\/\/malekucr.com\/ac\/wp-json\/wp\/v2\/pages\/318"}],"wp:attachment":[{"href":"https:\/\/malekucr.com\/ac\/wp-json\/wp\/v2\/media?parent=323"}],"curies":[{"name":"wp","href":"https:\/\/api.w.org\/{rel}","templated":true}]}}