{"id":301,"date":"2020-08-16T22:26:37","date_gmt":"2020-08-17T04:26:37","guid":{"rendered":"https:\/\/malekucr.com\/ac\/?page_id=19787"},"modified":"2024-01-12T17:39:17","modified_gmt":"2024-01-12T23:39:17","slug":"filosofia-academica","status":"publish","type":"page","link":"https:\/\/malekucr.com\/ac\/acerca-de-maleku-centro-academico-costa-rica\/filosofia-academica\/","title":{"rendered":"Filosof\u00eda acad\u00e9mica"},"content":{"rendered":"<div class=\"gb-container gb-container-d0829f3d\"><div class=\"gb-inside-container\">\n\n<h2 class=\"gb-headline gb-headline-007886a8 gb-headline-text\">Preparar a las nuevas generaciones es parte de nuestro ADN.<\/h2>\n\n<\/div><\/div>\n\n<div class=\"gb-container gb-container-9113f02b\"><div class=\"gb-inside-container\">\n<div class=\"gb-grid-wrapper gb-grid-wrapper-12df935a\">\n<div class=\"gb-grid-column gb-grid-column-803aef5c\"><div class=\"gb-container gb-container-803aef5c\"><div class=\"gb-inside-container\">\n\n<h4 class=\"gb-headline gb-headline-79b4e799\"><span class=\"gb-icon\"><svg xmlns=\"http:\/\/www.w3.org\/2000\/svg\" viewBox=\"0 0 256 512\" width=\"1em\" height=\"1em\" aria-hidden=\"true\"><path d=\"M224.3 273l-136 136c-9.4 9.4-24.6 9.4-33.9 0l-22.6-22.6c-9.4-9.4-9.4-24.6 0-33.9l96.4-96.4-96.4-96.4c-9.4-9.4-9.4-24.6 0-33.9L54.3 103c9.4-9.4 24.6-9.4 33.9 0l136 136c9.5 9.4 9.5 24.6.1 34z\" fill=\"currentColor\"><\/path><\/svg><\/span><span class=\"gb-headline-text\">misi\u00f3n<\/span><\/h4>\n\n\n\n<p>Ense\u00f1ar y formar a personas con deseos de superaci\u00f3n y un aprendizaje orientado hacia la vida. Lo hacemos a trav\u00e9s de la innovaci\u00f3n, la investigaci\u00f3n y el desarrollo en un entorno completamente virtual y colaborativo, abarcando tanto el \u00e1mbito t\u00e9cnico como el universitario.<\/p>\n\n<\/div><\/div><\/div>\n\n<div class=\"gb-grid-column gb-grid-column-c5e7f58b\"><div class=\"gb-container gb-container-c5e7f58b\"><div class=\"gb-inside-container\">\n\n<h4 class=\"gb-headline gb-headline-25913163\"><span class=\"gb-icon\"><svg xmlns=\"http:\/\/www.w3.org\/2000\/svg\" viewBox=\"0 0 256 512\" width=\"1em\" height=\"1em\" aria-hidden=\"true\"><path d=\"M224.3 273l-136 136c-9.4 9.4-24.6 9.4-33.9 0l-22.6-22.6c-9.4-9.4-9.4-24.6 0-33.9l96.4-96.4-96.4-96.4c-9.4-9.4-9.4-24.6 0-33.9L54.3 103c9.4-9.4 24.6-9.4 33.9 0l136 136c9.5 9.4 9.5 24.6.1 34z\" fill=\"currentColor\"><\/path><\/svg><\/span><span class=\"gb-headline-text\">visi\u00f3n<\/span><\/h4>\n\n\n\n<p>Universalizar la educaci\u00f3n de calidad, promoviendo un enfoque centrado en el aprendizaje para la vida. Creemos que la educaci\u00f3n no solo debe transmitir conocimientos acad\u00e9micos, sino tambi\u00e9n cultivar habilidades y valores que preparen a los individuos para enfrentar los desaf\u00edos del mundo real.<\/p>\n\n<\/div><\/div><\/div>\n<\/div>\n<\/div><\/div>\n\n<div class=\"gb-container gb-container-c9759787\"><div class=\"gb-inside-container\">\n<div class=\"gb-grid-wrapper gb-grid-wrapper-5497aa78\"><\/div>\n<\/div><\/div>\n\n<div class=\"gb-container gb-container-2ba8b710\"><div class=\"gb-inside-container\">\n\n<h4 class=\"gb-headline gb-headline-5d66d5f1\"><span class=\"gb-icon\"><svg xmlns=\"http:\/\/www.w3.org\/2000\/svg\" viewBox=\"0 0 60 52.906\"><path d=\"M24.104 10.505c1.5-.629 2.13-2.42 1.452-3.872l-2.372-4.985A2.893 2.893 0 0019.409.245c-4.114 1.742-7.648 4.017-10.455 6.776-3.437 3.242-5.76 6.969-7.018 11.084C.678 22.267 0 27.93 0 35.142v14.86a2.913 2.913 0 002.904 2.904h19.022a2.913 2.913 0 002.904-2.904V30.979a2.912 2.912 0 00-2.904-2.904h-9.1c.097-4.889 1.258-8.809 3.388-11.762 1.743-2.371 4.357-4.307 7.89-5.808zM58.276 10.505c1.5-.629 2.129-2.42 1.452-3.872l-2.372-4.937C56.678.292 55.033-.337 53.581.292 49.516 2.035 46.03 4.31 43.175 7.021c-3.437 3.291-5.808 7.018-7.067 11.133-1.258 4.065-1.887 9.729-1.887 16.989v14.86a2.913 2.913 0 002.904 2.904h19.022a2.913 2.913 0 002.904-2.904V30.98a2.912 2.912 0 00-2.904-2.904h-9.148c.097-4.889 1.259-8.809 3.388-11.762 1.742-2.372 4.356-4.308 7.889-5.809z\"><\/path><\/svg><\/span><span class=\"gb-headline-text\">Nuestros valores son los principios que nos motivan a transformar el entorno d\u00eda a d\u00eda y a ser agentes de cambio a nivel local, regional y planetario.<\/span><\/h4>\n\n\n\n<p><\/p>\n\n\n\n<p class=\"gb-headline gb-headline-4dbb8a30 gb-headline-text\">\u2013 Maleku Centro Acad\u00e9mico Costa Rica<\/p>\n\n<\/div><\/div>\n\n\n<h2 class=\"gb-headline gb-headline-de1e2e21 gb-headline-text\">Valores<\/h2>\n\n\n<div class=\"gb-container gb-container-211c68e7\"><div class=\"gb-inside-container\">\n<div class=\"gb-grid-wrapper gb-grid-wrapper-47cabdd8\">\n<div class=\"gb-grid-column gb-grid-column-9a4dc8c0\"><div class=\"gb-container gb-container-9a4dc8c0\"><div class=\"gb-inside-container\">\n\n<h3 class=\"gb-headline gb-headline-c8eb4379\"><span class=\"gb-icon\"><svg xmlns=\"http:\/\/www.w3.org\/2000\/svg\" viewBox=\"0 0 256 512\" width=\"1em\" height=\"1em\" aria-hidden=\"true\"><path d=\"M224.3 273l-136 136c-9.4 9.4-24.6 9.4-33.9 0l-22.6-22.6c-9.4-9.4-9.4-24.6 0-33.9l96.4-96.4-96.4-96.4c-9.4-9.4-9.4-24.6 0-33.9L54.3 103c9.4-9.4 24.6-9.4 33.9 0l136 136c9.5 9.4 9.5 24.6.1 34z\" fill=\"currentColor\"><\/path><\/svg><\/span><span class=\"gb-headline-text\">Compromiso<\/span><\/h3>\n\n\n<div class=\"wp-block-image\">\n<figure class=\"aligncenter size-large is-resized\"><img decoding=\"async\" src=\"https:\/\/malekucr.com\/ac\/wp-content\/uploads\/2020\/08\/Team-Work.jpg\" alt=\"\" class=\"wp-image-19791\" style=\"width:100px\"\/><\/figure>\n<\/div>\n<\/div><\/div><\/div>\n\n<div class=\"gb-grid-column gb-grid-column-c01d260e\"><div class=\"gb-container gb-container-c01d260e\"><div class=\"gb-inside-container\">\n\n<h3 class=\"gb-headline gb-headline-f28d0852\"><span class=\"gb-icon\"><svg xmlns=\"http:\/\/www.w3.org\/2000\/svg\" viewBox=\"0 0 256 512\" width=\"1em\" height=\"1em\" aria-hidden=\"true\"><path d=\"M224.3 273l-136 136c-9.4 9.4-24.6 9.4-33.9 0l-22.6-22.6c-9.4-9.4-9.4-24.6 0-33.9l96.4-96.4-96.4-96.4c-9.4-9.4-9.4-24.6 0-33.9L54.3 103c9.4-9.4 24.6-9.4 33.9 0l136 136c9.5 9.4 9.5 24.6.1 34z\" fill=\"currentColor\"><\/path><\/svg><\/span><span class=\"gb-headline-text\">innovaci\u00f3n<\/span><\/h3>\n\n\n<div class=\"wp-block-image\">\n<figure class=\"aligncenter size-large is-resized\"><img decoding=\"async\" src=\"https:\/\/malekucr.com\/ac\/wp-content\/uploads\/2020\/08\/Lightbulb.jpg\" alt=\"\" class=\"wp-image-19797\" style=\"width:100px;height:100px\"\/><\/figure>\n<\/div>\n<\/div><\/div><\/div>\n\n<div class=\"gb-grid-column gb-grid-column-4b10bdf2\"><div class=\"gb-container gb-container-4b10bdf2\"><div class=\"gb-inside-container\">\n\n<h3 class=\"gb-headline gb-headline-ae5af96e\"><span class=\"gb-icon\"><svg xmlns=\"http:\/\/www.w3.org\/2000\/svg\" viewBox=\"0 0 256 512\" width=\"1em\" height=\"1em\" aria-hidden=\"true\"><path d=\"M224.3 273l-136 136c-9.4 9.4-24.6 9.4-33.9 0l-22.6-22.6c-9.4-9.4-9.4-24.6 0-33.9l96.4-96.4-96.4-96.4c-9.4-9.4-9.4-24.6 0-33.9L54.3 103c9.4-9.4 24.6-9.4 33.9 0l136 136c9.5 9.4 9.5 24.6.1 34z\" fill=\"currentColor\"><\/path><\/svg><\/span><span class=\"gb-headline-text\">investigaci\u00f3n<\/span><\/h3>\n\n\n<div class=\"wp-block-image\">\n<figure class=\"aligncenter size-large is-resized\"><img decoding=\"async\" src=\"https:\/\/malekucr.com\/ac\/wp-content\/uploads\/2020\/08\/Microscope.jpg\" alt=\"\" class=\"wp-image-19795\" style=\"width:100px;height:100px\"\/><\/figure>\n<\/div>\n<\/div><\/div><\/div>\n\n<div class=\"gb-grid-column gb-grid-column-0e201225\"><div class=\"gb-container gb-container-0e201225\"><div class=\"gb-inside-container\">\n\n<h3 class=\"gb-headline gb-headline-772bf0e9\"><span class=\"gb-icon\"><svg xmlns=\"http:\/\/www.w3.org\/2000\/svg\" viewBox=\"0 0 256 512\" width=\"1em\" height=\"1em\" aria-hidden=\"true\"><path d=\"M224.3 273l-136 136c-9.4 9.4-24.6 9.4-33.9 0l-22.6-22.6c-9.4-9.4-9.4-24.6 0-33.9l96.4-96.4-96.4-96.4c-9.4-9.4-9.4-24.6 0-33.9L54.3 103c9.4-9.4 24.6-9.4 33.9 0l136 136c9.5 9.4 9.5 24.6.1 34z\" fill=\"currentColor\"><\/path><\/svg><\/span><span class=\"gb-headline-text\">respeto<\/span><\/h3>\n\n\n<div class=\"wp-block-image\">\n<figure class=\"aligncenter size-large is-resized\"><img decoding=\"async\" src=\"https:\/\/malekucr.com\/ac\/wp-content\/uploads\/2020\/08\/Hand.jpg\" alt=\"\" class=\"wp-image-19796\" style=\"width:100px\"\/><\/figure>\n<\/div>\n<\/div><\/div><\/div>\n\n<div class=\"gb-grid-column gb-grid-column-46b20362\"><div class=\"gb-container gb-container-46b20362\"><div class=\"gb-inside-container\">\n\n<h3 class=\"gb-headline gb-headline-116184fe\"><span class=\"gb-icon\"><svg xmlns=\"http:\/\/www.w3.org\/2000\/svg\" viewBox=\"0 0 256 512\" width=\"1em\" height=\"1em\" aria-hidden=\"true\"><path d=\"M224.3 273l-136 136c-9.4 9.4-24.6 9.4-33.9 0l-22.6-22.6c-9.4-9.4-9.4-24.6 0-33.9l96.4-96.4-96.4-96.4c-9.4-9.4-9.4-24.6 0-33.9L54.3 103c9.4-9.4 24.6-9.4 33.9 0l136 136c9.5 9.4 9.5 24.6.1 34z\" fill=\"currentColor\"><\/path><\/svg><\/span><span class=\"gb-headline-text\">sabidur\u00eda<\/span><\/h3>\n\n\n<div class=\"wp-block-image\">\n<figure class=\"aligncenter size-large is-resized\"><img decoding=\"async\" src=\"https:\/\/malekucr.com\/ac\/wp-content\/uploads\/2020\/08\/Brain.jpg\" alt=\"\" class=\"wp-image-19794\" style=\"width:100px;height:100px\"\/><\/figure>\n<\/div>\n<\/div><\/div><\/div>\n<\/div>\n<\/div><\/div>\n\n\n<h2 class=\"gb-headline gb-headline-758087cd gb-headline-text\">Modelo educativo<\/h2>\n\n\n\n<div class=\"wp-block-columns is-layout-flex wp-container-core-columns-is-layout-9d6595d7 wp-block-columns-is-layout-flex\">\n<div class=\"wp-block-column is-layout-flow wp-block-column-is-layout-flow\">\n<figure class=\"gb-block-image gb-block-image-512280da\"><img loading=\"lazy\" decoding=\"async\" width=\"800\" height=\"550\" class=\"gb-image gb-image-512280da\" src=\"https:\/\/malekucr.com\/ac\/wp-content\/uploads\/2022\/08\/image.png\" alt=\"\" title=\"image\" srcset=\"https:\/\/malekucr.com\/ac\/wp-content\/uploads\/2022\/08\/image.png 800w, https:\/\/malekucr.com\/ac\/wp-content\/uploads\/2022\/08\/image-300x206.png 300w, https:\/\/malekucr.com\/ac\/wp-content\/uploads\/2022\/08\/image-768x528.png 768w\" sizes=\"auto, (max-width: 800px) 100vw, 800px\" \/><\/figure>\n<\/div>\n\n\n\n<div class=\"wp-block-column is-layout-flow wp-block-column-is-layout-flow\">\n<p>El modelo educativo responde a las necesidades y a la forma en que aprende el ser humano.<\/p>\n\n\n\n<p>Abandonamos los modelos de aprendizaje basados en la memorizaci\u00f3n de contenidos y abrazamos la idea de aprender a trav\u00e9s de experiencias y experimentaci\u00f3n de la teor\u00eda llevada a la pr\u00e1ctica, en un enfoque y paradigma constructivista.<\/p>\n\n\n\n<p>Los invitamos a conocer m\u00e1s sobre nuestro modelo en el sitio web dedicado a la calidad y dise\u00f1o curricular.<\/p>\n<\/div>\n<\/div>\n\n\n\n<div class=\"wp-block-columns is-layout-flex wp-container-core-columns-is-layout-9d6595d7 wp-block-columns-is-layout-flex\">\n<div class=\"wp-block-column is-layout-flow wp-block-column-is-layout-flow\" style=\"flex-basis:100%\">\n<div class=\"wp-block-columns is-layout-flex wp-container-core-columns-is-layout-9d6595d7 wp-block-columns-is-layout-flex\">\n<div class=\"wp-block-column is-layout-flow wp-block-column-is-layout-flow\"><\/div>\n<\/div>\n<\/div>\n<\/div>\n\n\n<div class=\"gb-button-wrapper gb-button-wrapper-bbf61112\">\n\n<a class=\"gb-button gb-button-778418a2 gb-button-text\" href=\"https:\/\/www.disenocurricular.malekucr.com\/\" target=\"_blank\" rel=\"noopener noreferrer\">Visita nuestro sitio de dise\u00f1o curricular y calidad acad\u00e9mica.<\/a>\n\n<\/div>\n\n\n<p><\/p>\n","protected":false},"excerpt":{"rendered":"<p>Preparar a las nuevas generaciones es parte de nuestro ADN. Nuestros valores son los principios que nos motivan a transformar el entorno d\u00eda a d\u00eda y a ser agentes de cambio a nivel local, regional y planetario. \u2013 Maleku Centro Acad\u00e9mico Costa Rica Valores Modelo educativo El modelo educativo responde a las necesidades y a &#8230; <a title=\"Filosof\u00eda acad\u00e9mica\" class=\"read-more\" href=\"https:\/\/malekucr.com\/ac\/acerca-de-maleku-centro-academico-costa-rica\/filosofia-academica\/\" aria-label=\"Leer m\u00e1s sobre Filosof\u00eda acad\u00e9mica\">Leer m\u00e1s<\/a><\/p>\n","protected":false},"author":1,"featured_media":0,"parent":19790,"menu_order":1,"comment_status":"closed","ping_status":"closed","template":"","meta":{"footnotes":""},"class_list":["post-301","page","type-page","status-publish"],"_links":{"self":[{"href":"https:\/\/malekucr.com\/ac\/wp-json\/wp\/v2\/pages\/301","targetHints":{"allow":["GET"]}}],"collection":[{"href":"https:\/\/malekucr.com\/ac\/wp-json\/wp\/v2\/pages"}],"about":[{"href":"https:\/\/malekucr.com\/ac\/wp-json\/wp\/v2\/types\/page"}],"author":[{"embeddable":true,"href":"https:\/\/malekucr.com\/ac\/wp-json\/wp\/v2\/users\/1"}],"replies":[{"embeddable":true,"href":"https:\/\/malekucr.com\/ac\/wp-json\/wp\/v2\/comments?post=301"}],"version-history":[{"count":8,"href":"https:\/\/malekucr.com\/ac\/wp-json\/wp\/v2\/pages\/301\/revisions"}],"predecessor-version":[{"id":20026,"href":"https:\/\/malekucr.com\/ac\/wp-json\/wp\/v2\/pages\/301\/revisions\/20026"}],"up":[{"embeddable":true,"href":"https:\/\/malekucr.com\/ac\/wp-json\/wp\/v2\/pages\/19790"}],"wp:attachment":[{"href":"https:\/\/malekucr.com\/ac\/wp-json\/wp\/v2\/media?parent=301"}],"curies":[{"name":"wp","href":"https:\/\/api.w.org\/{rel}","templated":true}]}}